{"id":33859,"date":"2026-03-28T15:23:06","date_gmt":"2026-03-28T15:23:06","guid":{"rendered":"https:\/\/grossmann-lasertechnik.de\/?page_id=33859"},"modified":"2026-03-28T16:23:06","modified_gmt":"2026-03-28T15:23:06","slug":"mentions-legales","status":"publish","type":"page","link":"https:\/\/grossmann-lasertechnik.de\/fr\/mentions-legales\/","title":{"rendered":"Mentions l\u00e9gales"},"content":{"rendered":"<div data-elementor-type=\"wp-page\" data-elementor-id=\"33859\" class=\"elementor elementor-33859\" data-elementor-post-type=\"page\">\n\t\t\t\t\t\t<section class=\"elementor-section elementor-top-section elementor-element elementor-element-1a2d3a1 elementor-section-boxed elementor-section-height-default elementor-section-height-default\" data-id=\"1a2d3a1\" data-element_type=\"section\" data-e-type=\"section\">\n\t\t\t\t\t\t<div class=\"elementor-container elementor-column-gap-default\">\n\t\t\t\t\t<div class=\"elementor-column elementor-col-100 elementor-top-column elementor-element elementor-element-4ac0780\" data-id=\"4ac0780\" data-element_type=\"column\" data-e-type=\"column\">\n\t\t\t<div class=\"elementor-widget-wrap elementor-element-populated\">\n\t\t\t\t\t\t<div class=\"elementor-element elementor-element-9f6302b elementor-widget elementor-widget-heading\" data-id=\"9f6302b\" data-element_type=\"widget\" data-e-type=\"widget\" data-widget_type=\"heading.default\">\n\t\t\t\t\t<h1 class=\"elementor-heading-title elementor-size-large\">Mentions l\u00e9gales de Grossmann Lasertechnik (GLT)<\/h1>\t\t\t\t<\/div>\n\t\t\t\t<div class=\"elementor-element elementor-element-01828a7 elementor-widget elementor-widget-text-editor\" data-id=\"01828a7\" data-element_type=\"widget\" data-e-type=\"widget\" data-widget_type=\"text-editor.default\">\n\t\t\t\t\t\t\t\t\t<p><div  class=\"agb_content agb_imprint  notranslate\"><div>Gro\u00dfmann Lasertechnik GmbH<br \/>\nAm Wiesenberg 8<br \/>\n59602 R\u00fcthen<br \/>\nAllemagne<br \/>\n<br \/>\nT\u00e9l. : 02952 67 99 74 5<br \/>\nCourrier \u00e9lectronique : info@grossmann-lasertechnik.de<br \/>\n<br \/>\nTribunal d'enregistrement : Tribunal d'instance de Warstein<br \/>\nNum\u00e9ro d'enregistrement : HRB 12846<br \/>\n<br \/>\nDirecteur\/trice : Sebastian Gro\u00dfmann<br \/>\n<br \/>\nNum\u00e9ro d'identification de la taxe sur le chiffre d'affaires : DE323895502<br \/>\n<br \/>\nN\u00b0 d'enregistrement WEEE 56320179<br \/>\n<br \/>\nObligation d'information conform\u00e9ment au \u00a718 alin\u00e9a 4 phrase 3 ElektroG :<br \/>\n<a target=\"_blank\" href=\"https:\/\/www.bmuv.de\/themen\/wasser-ressourcen-abfall\/kreislaufwirtschaft\/statistiken\/elektro-und-elektronikaltgeraete\">https:\/\/www.bmuv.de\/themen\/wasser-ressourcen-abfall\/kreislaufwirtschaft\/statistiken\/elektro-und-elektronikaltgeraete<\/a><br \/>\n<br \/>\nNous ne sommes ni oblig\u00e9s ni dispos\u00e9s \u00e0 participer \u00e0 une proc\u00e9dure de r\u00e8glement des litiges devant un organisme de conciliation des consommateurs.<\/div><div id=\"itkanzlei_txt_copyright\" style=\"font-size: 12px; margin-top: 8em;\"><div style=\"display: inline-block; vertical-align: top; margin-left: 5px; float: right; white-space: nowrap;\">Situation au 28.03.2026, 16:23:00<\/div><div style=\"clear: right;\"><\/div><\/div><\/div><\/p>\t\t\t\t\t\t\t\t<\/div>\n\t\t\t\t<div class=\"elementor-element elementor-element-7e55818 elementor-widget elementor-widget-text-editor\" data-id=\"7e55818\" data-element_type=\"widget\" data-e-type=\"widget\" data-widget_type=\"text-editor.default\">\n\t\t\t\t\t\t\t\t\t<p><strong>Haftung f\u00fcr Inhalte<\/strong><br \/>Als Diensteanbieter sind wir gem\u00e4\u00df \u00a7 7 Abs.1 TMG f\u00fcr eigene Inhalte auf diesen Seiten nach den allgemeinen Gesetzen verantwortlich. Nach \u00a7 8 bis 10 TMG sind wir als Diensteanbieter jedoch nicht verpflichtet, \u00fcbermittelte oder gespeicherte fremde Informationen zu \u00fcberwachen oder nach Umst\u00e4nden zu forschen, die auf eine rechtswidrige T\u00e4tigkeit hinweisen.<\/p><p>Verpflichtungen zur Entfernung oder Sperrung der Nutzung von Informationen nach den allgemeinen Gesetzen bleiben hiervon unber\u00fchrt. Eine diesbez\u00fcgliche Haftung ist jedoch erst ab dem Zeitpunkt der Kenntnis einer konkreten Rechtsverletzung m\u00f6glich. Bei Bekanntwerden von entsprechenden Rechtsverletzungen werden wir diese Inhalte umgehend entfernen.<\/p><p><strong>Haftung f\u00fcr Links<\/strong><br \/>Unser Angebot enth\u00e4lt Links zu externen Websites Dritter, auf deren Inhalte wir keinen Einfluss haben. Deshalb k\u00f6nnen wir f\u00fcr diese fremden Inhalte auch keine Gew\u00e4hr \u00fcbernehmen. F\u00fcr die Inhalte der verlinkten Seiten ist stets der jeweilige Anbieter oder Betreiber der Seiten verantwortlich. Die verlinkten Seiten wurden zum Zeitpunkt der Verlinkung auf m\u00f6gliche Rechtsverst\u00f6\u00dfe \u00fcberpr\u00fcft. Rechtswidrige Inhalte waren zum Zeitpunkt der Verlinkung nicht erkennbar.<\/p><p>Un contr\u00f4le permanent du contenu des pages li\u00e9es n'est cependant pas exigible sans indices concrets d'une violation de la loi. D\u00e8s que nous aurons connaissance d'une violation de la loi, nous supprimerons imm\u00e9diatement les liens concern\u00e9s.<\/p><p><strong>Droit d'auteur<\/strong><br \/>Die durch die Seitenbetreiber erstellten Inhalte und Werke auf diesen Seiten unterliegen dem deutschen Urheberrecht. Die Vervielf\u00e4ltigung, Bearbeitung, Verbreitung und jede Art der Verwertung au\u00dferhalb der Grenzen des Urheberrechtes bed\u00fcrfen der schriftlichen Zustimmung des jeweiligen Autors bzw. Erstellers. Downloads und Kopien dieser Seite sind nur f\u00fcr den privaten, nicht kommerziellen Gebrauch gestattet.<\/p><p>Dans la mesure o\u00f9 les contenus de ce site n'ont pas \u00e9t\u00e9 cr\u00e9\u00e9s par l'exploitant, les droits d'auteur de tiers sont respect\u00e9s. Les contenus de tiers sont notamment identifi\u00e9s comme tels. Si vous deviez n\u00e9anmoins constater une violation des droits d'auteur, nous vous prions de nous en informer. D\u00e8s la prise de connaissance d'une violation de la loi, nous supprimerons imm\u00e9diatement les contenus concern\u00e9s.<\/p><p><strong>Cr\u00e9dits photographiques<\/strong><br \/>#296563419 \/ \u00a9 tiero \u2013 stock.adobe.com<\/p>\t\t\t\t\t\t\t\t<\/div>\n\t\t\t\t\t<\/div>\n\t\t<\/div>\n\t\t\t\t\t<\/div>\n\t\t<\/section>\n\t\t\t\t<\/div>","protected":false},"excerpt":{"rendered":"<p>Mentions l\u00e9gales de Grossmann Lasertechnik (GLT) Responsabilit\u00e9 pour les contenusEn tant que prestataire de services, nous sommes responsables de nos propres contenus sur ces pages selon les lois g\u00e9n\u00e9rales, conform\u00e9ment \u00e0 l'article 7, paragraphe 1 de la loi allemande sur les t\u00e9l\u00e9m\u00e9dias (TMG). Selon les \u00a7 8 \u00e0 10 de la TMG, nous ne sommes cependant pas tenus, en tant que prestataires de services, de surveiller les informations \u00e9trang\u00e8res transmises ou enregistr\u00e9es ou de rechercher des [...].<\/p>","protected":false},"author":1,"featured_media":0,"parent":0,"menu_order":111,"comment_status":"closed","ping_status":"closed","template":"elementor_theme","meta":{"site-sidebar-layout":"no-sidebar","site-content-layout":"page-builder","ast-site-content-layout":"default","site-content-style":"default","site-sidebar-style":"default","ast-global-header-display":"","ast-banner-title-visibility":"","ast-main-header-display":"","ast-hfb-above-header-display":"","ast-hfb-below-header-display":"","ast-hfb-mobile-header-display":"","site-post-title":"disabled","ast-breadcrumbs-content":"","ast-featured-img":"disabled","footer-sml-layout":"","theme-transparent-header-meta":"","adv-header-id-meta":"","stick-header-meta":"","header-above-stick-meta":"","header-main-stick-meta":"","header-below-stick-meta":"","astra-migrate-meta-layouts":"default","ast-page-background-enabled":"default","ast-page-background-meta":{"desktop":{"background-color":"var(--ast-global-color-4)","background-image":"","background-repeat":"repeat","background-position":"center center","background-size":"auto","background-attachment":"scroll","background-type":"","background-media":"","overlay-type":"","overlay-color":"","overlay-opacity":"","overlay-gradient":""},"tablet":{"background-color":"","background-image":"","background-repeat":"repeat","background-position":"center center","background-size":"auto","background-attachment":"scroll","background-type":"","background-media":"","overlay-type":"","overlay-color":"","overlay-opacity":"","overlay-gradient":""},"mobile":{"background-color":"","background-image":"","background-repeat":"repeat","background-position":"center center","background-size":"auto","background-attachment":"scroll","background-type":"","background-media":"","overlay-type":"","overlay-color":"","overlay-opacity":"","overlay-gradient":""}},"ast-content-background-meta":{"desktop":{"background-color":"var(--ast-global-color-5)","background-image":"","background-repeat":"repeat","background-position":"center center","background-size":"auto","background-attachment":"scroll","background-type":"","background-media":"","overlay-type":"","overlay-color":"","overlay-opacity":"","overlay-gradient":""},"tablet":{"background-color":"var(--ast-global-color-5)","background-image":"","background-repeat":"repeat","background-position":"center center","background-size":"auto","background-attachment":"scroll","background-type":"","background-media":"","overlay-type":"","overlay-color":"","overlay-opacity":"","overlay-gradient":""},"mobile":{"background-color":"var(--ast-global-color-5)","background-image":"","background-repeat":"repeat","background-position":"center center","background-size":"auto","background-attachment":"scroll","background-type":"","background-media":"","overlay-type":"","overlay-color":"","overlay-opacity":"","overlay-gradient":""}},"footnotes":""},"class_list":["post-33859","page","type-page","status-publish","hentry"],"yoast_head":"<!-- This site is optimized with the Yoast SEO Premium plugin v25.3 (Yoast SEO v26.5) - https:\/\/yoast.com\/wordpress\/plugins\/seo\/ -->\n<title>Grossmann Lasertechnik - Impressum<\/title>\n<meta name=\"description\" content=\"Impressum von Grossmann Lasertechnik mit Sitz in R\u00fcthen. Hersteller von Laserbeschriftern, Lasergravurmaschinen und Lasersystemhersteller.\" \/>\n<meta name=\"robots\" content=\"index, follow, max-snippet:-1, max-image-preview:large, max-video-preview:-1\" \/>\n<link rel=\"canonical\" href=\"https:\/\/grossmann-lasertechnik.de\/fr\/mentions-legales\/\" \/>\n<meta property=\"og:locale\" content=\"fr_FR\" \/>\n<meta property=\"og:type\" content=\"article\" \/>\n<meta property=\"og:title\" content=\"Impressum\" \/>\n<meta property=\"og:description\" content=\"Impressum von Grossmann Lasertechnik mit Sitz in R\u00fcthen. Hersteller von Laserbeschriftern, Lasergravurmaschinen und Lasersystemhersteller.\" \/>\n<meta property=\"og:url\" content=\"https:\/\/grossmann-lasertechnik.de\/fr\/mentions-legales\/\" \/>\n<meta property=\"og:site_name\" content=\"Gro\u00dfmann Lasertechnik\" \/>\n<meta property=\"article:publisher\" content=\"https:\/\/www.facebook.com\/grossmannlasertechnik\" \/>\n<meta name=\"twitter:label1\" content=\"Dur\u00e9e de lecture estim\u00e9e\" \/>\n\t<meta name=\"twitter:data1\" content=\"2 minutes\" \/>\n<script type=\"application\/ld+json\" class=\"yoast-schema-graph\">{\"@context\":\"https:\/\/schema.org\",\"@graph\":[{\"@type\":\"WebPage\",\"@id\":\"https:\/\/grossmann-lasertechnik.de\/impressum\/\",\"url\":\"https:\/\/grossmann-lasertechnik.de\/impressum\/\",\"name\":\"Grossmann Lasertechnik - Impressum\",\"isPartOf\":{\"@id\":\"https:\/\/grossmann-lasertechnik.de\/#website\"},\"datePublished\":\"2026-03-28T15:23:06+00:00\",\"description\":\"Impressum von Grossmann Lasertechnik mit Sitz in R\u00fcthen. Hersteller von Laserbeschriftern, Lasergravurmaschinen und Lasersystemhersteller.\",\"breadcrumb\":{\"@id\":\"https:\/\/grossmann-lasertechnik.de\/impressum\/#breadcrumb\"},\"inLanguage\":\"fr-FR\",\"potentialAction\":[{\"@type\":\"ReadAction\",\"target\":[\"https:\/\/grossmann-lasertechnik.de\/impressum\/\"]}]},{\"@type\":\"BreadcrumbList\",\"@id\":\"https:\/\/grossmann-lasertechnik.de\/impressum\/#breadcrumb\",\"itemListElement\":[{\"@type\":\"ListItem\",\"position\":1,\"name\":\"Home\",\"item\":\"https:\/\/grossmann-lasertechnik.de\/\"},{\"@type\":\"ListItem\",\"position\":2,\"name\":\"Impressum\"}]},{\"@type\":\"WebSite\",\"@id\":\"https:\/\/grossmann-lasertechnik.de\/#website\",\"url\":\"https:\/\/grossmann-lasertechnik.de\/\",\"name\":\"Gro\u00dfmann Lasertechnik\",\"description\":\"Beschriftungslaser Made in Germany\",\"publisher\":{\"@id\":\"https:\/\/grossmann-lasertechnik.de\/#organization\"},\"alternateName\":\"Lasersysteme made in Germany\",\"potentialAction\":[{\"@type\":\"SearchAction\",\"target\":{\"@type\":\"EntryPoint\",\"urlTemplate\":\"https:\/\/grossmann-lasertechnik.de\/?s={search_term_string}\"},\"query-input\":{\"@type\":\"PropertyValueSpecification\",\"valueRequired\":true,\"valueName\":\"search_term_string\"}}],\"inLanguage\":\"fr-FR\"},{\"@type\":\"Organization\",\"@id\":\"https:\/\/grossmann-lasertechnik.de\/#organization\",\"name\":\"Grossmann Lasertechnik\",\"url\":\"https:\/\/grossmann-lasertechnik.de\/\",\"logo\":{\"@type\":\"ImageObject\",\"inLanguage\":\"fr-FR\",\"@id\":\"https:\/\/grossmann-lasertechnik.de\/#\/schema\/logo\/image\/\",\"url\":\"https:\/\/grossmann-lasertechnik.de\/wp-content\/uploads\/2022\/06\/Grossmann_Laser_Logo_2022_v2.png\",\"contentUrl\":\"https:\/\/grossmann-lasertechnik.de\/wp-content\/uploads\/2022\/06\/Grossmann_Laser_Logo_2022_v2.png\",\"width\":600,\"height\":125,\"caption\":\"Grossmann Lasertechnik\"},\"image\":{\"@id\":\"https:\/\/grossmann-lasertechnik.de\/#\/schema\/logo\/image\/\"},\"sameAs\":[\"https:\/\/www.facebook.com\/grossmannlasertechnik\",\"https:\/\/www.instagram.com\/grossmann_lasertechnik\/\"]}]}<\/script>\n<!-- \/ Yoast SEO Premium plugin. -->","yoast_head_json":{"title":"Grossmann Lasertechnik - Mentions l\u00e9gales","description":"Mentions l\u00e9gales de Grossmann Lasertechnik, dont le si\u00e8ge est \u00e0 R\u00fcthen. Fabricant de marqueurs laser, de machines de gravure laser et de syst\u00e8mes laser.","robots":{"index":"index","follow":"follow","max-snippet":"max-snippet:-1","max-image-preview":"max-image-preview:large","max-video-preview":"max-video-preview:-1"},"canonical":"https:\/\/grossmann-lasertechnik.de\/fr\/mentions-legales\/","og_locale":"fr_FR","og_type":"article","og_title":"Impressum","og_description":"Impressum von Grossmann Lasertechnik mit Sitz in R\u00fcthen. Hersteller von Laserbeschriftern, Lasergravurmaschinen und Lasersystemhersteller.","og_url":"https:\/\/grossmann-lasertechnik.de\/fr\/mentions-legales\/","og_site_name":"Gro\u00dfmann Lasertechnik","article_publisher":"https:\/\/www.facebook.com\/grossmannlasertechnik","twitter_misc":{"Dur\u00e9e de lecture estim\u00e9e":"2 minutes"},"schema":{"@context":"https:\/\/schema.org","@graph":[{"@type":"WebPage","@id":"https:\/\/grossmann-lasertechnik.de\/impressum\/","url":"https:\/\/grossmann-lasertechnik.de\/impressum\/","name":"Grossmann Lasertechnik - Mentions l\u00e9gales","isPartOf":{"@id":"https:\/\/grossmann-lasertechnik.de\/#website"},"datePublished":"2026-03-28T15:23:06+00:00","description":"Mentions l\u00e9gales de Grossmann Lasertechnik, dont le si\u00e8ge est \u00e0 R\u00fcthen. Fabricant de marqueurs laser, de machines de gravure laser et de syst\u00e8mes laser.","breadcrumb":{"@id":"https:\/\/grossmann-lasertechnik.de\/impressum\/#breadcrumb"},"inLanguage":"fr-FR","potentialAction":[{"@type":"ReadAction","target":["https:\/\/grossmann-lasertechnik.de\/impressum\/"]}]},{"@type":"BreadcrumbList","@id":"https:\/\/grossmann-lasertechnik.de\/impressum\/#breadcrumb","itemListElement":[{"@type":"ListItem","position":1,"name":"Home","item":"https:\/\/grossmann-lasertechnik.de\/"},{"@type":"ListItem","position":2,"name":"Impressum"}]},{"@type":"WebSite","@id":"https:\/\/grossmann-lasertechnik.de\/#website","url":"https:\/\/grossmann-lasertechnik.de\/","name":"Technique laser Gro\u00dfmann","description":"Laser de marquage Made in Germany","publisher":{"@id":"https:\/\/grossmann-lasertechnik.de\/#organization"},"alternateName":"Lasersysteme made in Germany","potentialAction":[{"@type":"SearchAction","target":{"@type":"EntryPoint","urlTemplate":"https:\/\/grossmann-lasertechnik.de\/?s={search_term_string}"},"query-input":{"@type":"PropertyValueSpecification","valueRequired":true,"valueName":"search_term_string"}}],"inLanguage":"fr-FR"},{"@type":"Organization","@id":"https:\/\/grossmann-lasertechnik.de\/#organization","name":"Technique laser Grossmann","url":"https:\/\/grossmann-lasertechnik.de\/","logo":{"@type":"ImageObject","inLanguage":"fr-FR","@id":"https:\/\/grossmann-lasertechnik.de\/#\/schema\/logo\/image\/","url":"https:\/\/grossmann-lasertechnik.de\/wp-content\/uploads\/2022\/06\/Grossmann_Laser_Logo_2022_v2.png","contentUrl":"https:\/\/grossmann-lasertechnik.de\/wp-content\/uploads\/2022\/06\/Grossmann_Laser_Logo_2022_v2.png","width":600,"height":125,"caption":"Grossmann Lasertechnik"},"image":{"@id":"https:\/\/grossmann-lasertechnik.de\/#\/schema\/logo\/image\/"},"sameAs":["https:\/\/www.facebook.com\/grossmannlasertechnik","https:\/\/www.instagram.com\/grossmann_lasertechnik\/"]}]}},"_links":{"self":[{"href":"https:\/\/grossmann-lasertechnik.de\/fr\/wp-json\/wp\/v2\/pages\/33859","targetHints":{"allow":["GET"]}}],"collection":[{"href":"https:\/\/grossmann-lasertechnik.de\/fr\/wp-json\/wp\/v2\/pages"}],"about":[{"href":"https:\/\/grossmann-lasertechnik.de\/fr\/wp-json\/wp\/v2\/types\/page"}],"author":[{"embeddable":true,"href":"https:\/\/grossmann-lasertechnik.de\/fr\/wp-json\/wp\/v2\/users\/1"}],"replies":[{"embeddable":true,"href":"https:\/\/grossmann-lasertechnik.de\/fr\/wp-json\/wp\/v2\/comments?post=33859"}],"version-history":[{"count":0,"href":"https:\/\/grossmann-lasertechnik.de\/fr\/wp-json\/wp\/v2\/pages\/33859\/revisions"}],"wp:attachment":[{"href":"https:\/\/grossmann-lasertechnik.de\/fr\/wp-json\/wp\/v2\/media?parent=33859"}],"curies":[{"name":"wp","href":"https:\/\/api.w.org\/{rel}","templated":true}]}}