{"id":33859,"date":"2026-03-28T15:23:06","date_gmt":"2026-03-28T15:23:06","guid":{"rendered":"https:\/\/grossmann-lasertechnik.de\/?page_id=33859"},"modified":"2026-03-28T16:23:06","modified_gmt":"2026-03-28T15:23:06","slug":"otisak","status":"publish","type":"page","link":"https:\/\/grossmann-lasertechnik.de\/hr\/otisak\/","title":{"rendered":"otisak"},"content":{"rendered":"<div data-elementor-type=\"wp-page\" data-elementor-id=\"33859\" class=\"elementor elementor-33859\" data-elementor-post-type=\"page\">\n\t\t\t\t\t\t<section class=\"elementor-section elementor-top-section elementor-element elementor-element-1a2d3a1 elementor-section-boxed elementor-section-height-default elementor-section-height-default\" data-id=\"1a2d3a1\" data-element_type=\"section\" data-e-type=\"section\">\n\t\t\t\t\t\t<div class=\"elementor-container elementor-column-gap-default\">\n\t\t\t\t\t<div class=\"elementor-column elementor-col-100 elementor-top-column elementor-element elementor-element-4ac0780\" data-id=\"4ac0780\" data-element_type=\"column\" data-e-type=\"column\">\n\t\t\t<div class=\"elementor-widget-wrap elementor-element-populated\">\n\t\t\t\t\t\t<div class=\"elementor-element elementor-element-9f6302b elementor-widget elementor-widget-heading\" data-id=\"9f6302b\" data-element_type=\"widget\" data-e-type=\"widget\" data-widget_type=\"heading.default\">\n\t\t\t\t\t<h1 class=\"elementor-heading-title elementor-size-large\">Otisak tvrtke Grossmann Lasertechnik (GLT)<\/h1>\t\t\t\t<\/div>\n\t\t\t\t<div class=\"elementor-element elementor-element-01828a7 elementor-widget elementor-widget-text-editor\" data-id=\"01828a7\" data-element_type=\"widget\" data-e-type=\"widget\" data-widget_type=\"text-editor.default\">\n\t\t\t\t\t\t\t\t\t<p><div  class=\"agb_content agb_imprint  notranslate\"><div>Gro\u00dfmann Lasertechnik GmbH<br \/>\nAm Wiesenberg 8<br \/>\n59602 R\u00fcthen<br \/>\nNjema\u010dka<br \/>\n<br \/>\nTel.: 02952 67 99 74 5<br \/>\nE-po\u0161ta: info@grossmann-lasertechnik.de<br \/>\n<br \/>\nRegistarski sud: Okru\u017eni sud u Warsteinu<br \/>\nMati\u010dni broj: HRB 12846<br \/>\n<br \/>\nGeneralni direktor: Sebastian Gro\u00dfmann<br \/>\n<br \/>\nPDV identifikacijski broj: DE323895502<br \/>\n<br \/>\nWEEE Reg. broj 56320179<br \/>\n<br \/>\nObaveze informiranja prema Odjeljku 18. Stavku 4. Re\u010denici 3. ElektroG:<br \/>\n<a target=\"_blank\" href=\"https:\/\/www.bmuv.de\/themen\/wasser-ressourcen-abfall\/kreislaufwirtschaft\/statistiken\/elektro-und-elektronikaltgeraete\">https:\/\/www.bmuv.de\/themen\/wasser-ressourcen-abfall\/kreislaufwirtschaft\/statistiken\/elektro-und-elektronikaltgeraete<\/a><br \/>\n<br \/>\nNismo obvezni niti voljni sudjelovati u postupcima rje\u0161avanja sporova pred arbitra\u017eom potro\u0161a\u010da.<\/div><div id=\"itkanzlei_txt_copyright\" style=\"font-size: 12px; margin-top: 8em;\"><div style=\"display: inline-block; vertical-align: top; margin-left: 5px; float: right; white-space: nowrap;\">Od: 28. o\u017eujka 2026., 16:23:00<\/div><div style=\"clear: right;\"><\/div><\/div><\/div><\/p>\t\t\t\t\t\t\t\t<\/div>\n\t\t\t\t<div class=\"elementor-element elementor-element-7e55818 elementor-widget elementor-widget-text-editor\" data-id=\"7e55818\" data-element_type=\"widget\" data-e-type=\"widget\" data-widget_type=\"text-editor.default\">\n\t\t\t\t\t\t\t\t\t<p><strong>Haftung f\u00fcr Inhalte<\/strong><br \/>Als Diensteanbieter sind wir gem\u00e4\u00df \u00a7 7 Abs.1 TMG f\u00fcr eigene Inhalte auf diesen Seiten nach den allgemeinen Gesetzen verantwortlich. Nach \u00a7 8 bis 10 TMG sind wir als Diensteanbieter jedoch nicht verpflichtet, \u00fcbermittelte oder gespeicherte fremde Informationen zu \u00fcberwachen oder nach Umst\u00e4nden zu forschen, die auf eine rechtswidrige T\u00e4tigkeit hinweisen.<\/p><p>Verpflichtungen zur Entfernung oder Sperrung der Nutzung von Informationen nach den allgemeinen Gesetzen bleiben hiervon unber\u00fchrt. Eine diesbez\u00fcgliche Haftung ist jedoch erst ab dem Zeitpunkt der Kenntnis einer konkreten Rechtsverletzung m\u00f6glich. Bei Bekanntwerden von entsprechenden Rechtsverletzungen werden wir diese Inhalte umgehend entfernen.<\/p><p><strong>Haftung f\u00fcr Links<\/strong><br \/>Unser Angebot enth\u00e4lt Links zu externen Websites Dritter, auf deren Inhalte wir keinen Einfluss haben. Deshalb k\u00f6nnen wir f\u00fcr diese fremden Inhalte auch keine Gew\u00e4hr \u00fcbernehmen. F\u00fcr die Inhalte der verlinkten Seiten ist stets der jeweilige Anbieter oder Betreiber der Seiten verantwortlich. Die verlinkten Seiten wurden zum Zeitpunkt der Verlinkung auf m\u00f6gliche Rechtsverst\u00f6\u00dfe \u00fcberpr\u00fcft. Rechtswidrige Inhalte waren zum Zeitpunkt der Verlinkung nicht erkennbar.<\/p><p>Me\u0111utim, trajno pra\u0107enje sadr\u017eaja povezanih stranica nije opravdano bez konkretnih dokaza o kr\u0161enju zakona. Ako postanemo svjesni bilo kakvog kr\u0161enja zakona, odmah \u0107emo ukloniti takve poveznice.<\/p><p><strong>autorsko pravo<\/strong><br \/>Die durch die Seitenbetreiber erstellten Inhalte und Werke auf diesen Seiten unterliegen dem deutschen Urheberrecht. Die Vervielf\u00e4ltigung, Bearbeitung, Verbreitung und jede Art der Verwertung au\u00dferhalb der Grenzen des Urheberrechtes bed\u00fcrfen der schriftlichen Zustimmung des jeweiligen Autors bzw. Erstellers. Downloads und Kopien dieser Seite sind nur f\u00fcr den privaten, nicht kommerziellen Gebrauch gestattet.<\/p><p>U onoj mjeri u kojoj sadr\u017eaj ove stranice nije kreirao operater, po\u0161tuju se autorska prava tre\u0107ih strana. Konkretno, sadr\u017eaj tre\u0107e strane je ozna\u010den kao takav. Ukoliko ipak saznate za kr\u0161enje autorskih prava, molimo vas da nas o tome obavijestite. Ako postanemo svjesni bilo kakvog kr\u0161enja zakona, odmah \u0107emo ukloniti takav sadr\u017eaj.<\/p><p><strong>Zasluge za fotografije<\/strong><br \/>#296563419 \/ \u00a9 tiero \u2013 stock.adobe.com<\/p>\t\t\t\t\t\t\t\t<\/div>\n\t\t\t\t\t<\/div>\n\t\t<\/div>\n\t\t\t\t\t<\/div>\n\t\t<\/section>\n\t\t\t\t<\/div>","protected":false},"excerpt":{"rendered":"<p>Impresum tvrtke Grossmann Lasertechnik (GLT) Odgovornost za sadr\u017eajKao pru\u017eatelj usluga, odgovorni smo za vlastiti sadr\u017eaj na ovim stranicama u skladu s \u00a7 7. stavkom 1. njema\u010dkog Zakona o telemedijima (TMG). Me\u0111utim, prema \u00a7 8 do 10 Zakona o telemedijima (TMG), mi kao pru\u017eatelji usluga nismo obvezni pratiti prenesene ili pohranjene informacije tre\u0107ih strana ili istra\u017eivati okolnosti koje ukazuju na [\u2026]<\/p>","protected":false},"author":1,"featured_media":0,"parent":0,"menu_order":111,"comment_status":"closed","ping_status":"closed","template":"elementor_theme","meta":{"site-sidebar-layout":"no-sidebar","site-content-layout":"page-builder","ast-site-content-layout":"default","site-content-style":"default","site-sidebar-style":"default","ast-global-header-display":"","ast-banner-title-visibility":"","ast-main-header-display":"","ast-hfb-above-header-display":"","ast-hfb-below-header-display":"","ast-hfb-mobile-header-display":"","site-post-title":"disabled","ast-breadcrumbs-content":"","ast-featured-img":"disabled","footer-sml-layout":"","theme-transparent-header-meta":"","adv-header-id-meta":"","stick-header-meta":"","header-above-stick-meta":"","header-main-stick-meta":"","header-below-stick-meta":"","astra-migrate-meta-layouts":"default","ast-page-background-enabled":"default","ast-page-background-meta":{"desktop":{"background-color":"var(--ast-global-color-4)","background-image":"","background-repeat":"repeat","background-position":"center center","background-size":"auto","background-attachment":"scroll","background-type":"","background-media":"","overlay-type":"","overlay-color":"","overlay-opacity":"","overlay-gradient":""},"tablet":{"background-color":"","background-image":"","background-repeat":"repeat","background-position":"center center","background-size":"auto","background-attachment":"scroll","background-type":"","background-media":"","overlay-type":"","overlay-color":"","overlay-opacity":"","overlay-gradient":""},"mobile":{"background-color":"","background-image":"","background-repeat":"repeat","background-position":"center center","background-size":"auto","background-attachment":"scroll","background-type":"","background-media":"","overlay-type":"","overlay-color":"","overlay-opacity":"","overlay-gradient":""}},"ast-content-background-meta":{"desktop":{"background-color":"var(--ast-global-color-5)","background-image":"","background-repeat":"repeat","background-position":"center center","background-size":"auto","background-attachment":"scroll","background-type":"","background-media":"","overlay-type":"","overlay-color":"","overlay-opacity":"","overlay-gradient":""},"tablet":{"background-color":"var(--ast-global-color-5)","background-image":"","background-repeat":"repeat","background-position":"center center","background-size":"auto","background-attachment":"scroll","background-type":"","background-media":"","overlay-type":"","overlay-color":"","overlay-opacity":"","overlay-gradient":""},"mobile":{"background-color":"var(--ast-global-color-5)","background-image":"","background-repeat":"repeat","background-position":"center center","background-size":"auto","background-attachment":"scroll","background-type":"","background-media":"","overlay-type":"","overlay-color":"","overlay-opacity":"","overlay-gradient":""}},"footnotes":""},"class_list":["post-33859","page","type-page","status-publish","hentry"],"yoast_head":"<!-- This site is optimized with the Yoast SEO Premium plugin v25.3 (Yoast SEO v26.5) - https:\/\/yoast.com\/wordpress\/plugins\/seo\/ -->\n<title>Grossmann Lasertechnik - Impressum<\/title>\n<meta name=\"description\" content=\"Impressum von Grossmann Lasertechnik mit Sitz in R\u00fcthen. Hersteller von Laserbeschriftern, Lasergravurmaschinen und Lasersystemhersteller.\" \/>\n<meta name=\"robots\" content=\"index, follow, max-snippet:-1, max-image-preview:large, max-video-preview:-1\" \/>\n<link rel=\"canonical\" href=\"https:\/\/grossmann-lasertechnik.de\/hr\/otisak\/\" \/>\n<meta property=\"og:locale\" content=\"hr_HR\" \/>\n<meta property=\"og:type\" content=\"article\" \/>\n<meta property=\"og:title\" content=\"Impressum\" \/>\n<meta property=\"og:description\" content=\"Impressum von Grossmann Lasertechnik mit Sitz in R\u00fcthen. Hersteller von Laserbeschriftern, Lasergravurmaschinen und Lasersystemhersteller.\" \/>\n<meta property=\"og:url\" content=\"https:\/\/grossmann-lasertechnik.de\/hr\/otisak\/\" \/>\n<meta property=\"og:site_name\" content=\"Gro\u00dfmann Lasertechnik\" \/>\n<meta property=\"article:publisher\" content=\"https:\/\/www.facebook.com\/grossmannlasertechnik\" \/>\n<meta name=\"twitter:label1\" content=\"Procijenjeno vrijeme \u010ditanja\" \/>\n\t<meta name=\"twitter:data1\" content=\"2 minute\" \/>\n<script type=\"application\/ld+json\" class=\"yoast-schema-graph\">{\"@context\":\"https:\/\/schema.org\",\"@graph\":[{\"@type\":\"WebPage\",\"@id\":\"https:\/\/grossmann-lasertechnik.de\/impressum\/\",\"url\":\"https:\/\/grossmann-lasertechnik.de\/impressum\/\",\"name\":\"Grossmann Lasertechnik - Impressum\",\"isPartOf\":{\"@id\":\"https:\/\/grossmann-lasertechnik.de\/#website\"},\"datePublished\":\"2026-03-28T15:23:06+00:00\",\"description\":\"Impressum von Grossmann Lasertechnik mit Sitz in R\u00fcthen. Hersteller von Laserbeschriftern, Lasergravurmaschinen und Lasersystemhersteller.\",\"breadcrumb\":{\"@id\":\"https:\/\/grossmann-lasertechnik.de\/impressum\/#breadcrumb\"},\"inLanguage\":\"hr\",\"potentialAction\":[{\"@type\":\"ReadAction\",\"target\":[\"https:\/\/grossmann-lasertechnik.de\/impressum\/\"]}]},{\"@type\":\"BreadcrumbList\",\"@id\":\"https:\/\/grossmann-lasertechnik.de\/impressum\/#breadcrumb\",\"itemListElement\":[{\"@type\":\"ListItem\",\"position\":1,\"name\":\"Home\",\"item\":\"https:\/\/grossmann-lasertechnik.de\/\"},{\"@type\":\"ListItem\",\"position\":2,\"name\":\"Impressum\"}]},{\"@type\":\"WebSite\",\"@id\":\"https:\/\/grossmann-lasertechnik.de\/#website\",\"url\":\"https:\/\/grossmann-lasertechnik.de\/\",\"name\":\"Gro\u00dfmann Lasertechnik\",\"description\":\"Beschriftungslaser Made in Germany\",\"publisher\":{\"@id\":\"https:\/\/grossmann-lasertechnik.de\/#organization\"},\"alternateName\":\"Lasersysteme made in Germany\",\"potentialAction\":[{\"@type\":\"SearchAction\",\"target\":{\"@type\":\"EntryPoint\",\"urlTemplate\":\"https:\/\/grossmann-lasertechnik.de\/?s={search_term_string}\"},\"query-input\":{\"@type\":\"PropertyValueSpecification\",\"valueRequired\":true,\"valueName\":\"search_term_string\"}}],\"inLanguage\":\"hr\"},{\"@type\":\"Organization\",\"@id\":\"https:\/\/grossmann-lasertechnik.de\/#organization\",\"name\":\"Grossmann Lasertechnik\",\"url\":\"https:\/\/grossmann-lasertechnik.de\/\",\"logo\":{\"@type\":\"ImageObject\",\"inLanguage\":\"hr\",\"@id\":\"https:\/\/grossmann-lasertechnik.de\/#\/schema\/logo\/image\/\",\"url\":\"https:\/\/grossmann-lasertechnik.de\/wp-content\/uploads\/2022\/06\/Grossmann_Laser_Logo_2022_v2.png\",\"contentUrl\":\"https:\/\/grossmann-lasertechnik.de\/wp-content\/uploads\/2022\/06\/Grossmann_Laser_Logo_2022_v2.png\",\"width\":600,\"height\":125,\"caption\":\"Grossmann Lasertechnik\"},\"image\":{\"@id\":\"https:\/\/grossmann-lasertechnik.de\/#\/schema\/logo\/image\/\"},\"sameAs\":[\"https:\/\/www.facebook.com\/grossmannlasertechnik\",\"https:\/\/www.instagram.com\/grossmann_lasertechnik\/\"]}]}<\/script>\n<!-- \/ Yoast SEO Premium plugin. -->","yoast_head_json":{"title":"Grossmann Lasertechnik - Otisak","description":"Otisak tvrtke Grossmann Lasertechnik sa sjedi\u0161tem u R\u00fcthenu. Proizvo\u0111a\u010d laserskih markera, strojeva za lasersko graviranje i proizvo\u0111a\u010da laserskih sustava.","robots":{"index":"index","follow":"follow","max-snippet":"max-snippet:-1","max-image-preview":"max-image-preview:large","max-video-preview":"max-video-preview:-1"},"canonical":"https:\/\/grossmann-lasertechnik.de\/hr\/otisak\/","og_locale":"hr_HR","og_type":"article","og_title":"Impressum","og_description":"Impressum von Grossmann Lasertechnik mit Sitz in R\u00fcthen. Hersteller von Laserbeschriftern, Lasergravurmaschinen und Lasersystemhersteller.","og_url":"https:\/\/grossmann-lasertechnik.de\/hr\/otisak\/","og_site_name":"Gro\u00dfmann Lasertechnik","article_publisher":"https:\/\/www.facebook.com\/grossmannlasertechnik","twitter_misc":{"Procijenjeno vrijeme \u010ditanja":"2 minute"},"schema":{"@context":"https:\/\/schema.org","@graph":[{"@type":"WebPage","@id":"https:\/\/grossmann-lasertechnik.de\/impressum\/","url":"https:\/\/grossmann-lasertechnik.de\/impressum\/","name":"Grossmann Lasertechnik - Otisak","isPartOf":{"@id":"https:\/\/grossmann-lasertechnik.de\/#website"},"datePublished":"2026-03-28T15:23:06+00:00","description":"Otisak tvrtke Grossmann Lasertechnik sa sjedi\u0161tem u R\u00fcthenu. Proizvo\u0111a\u010d laserskih markera, strojeva za lasersko graviranje i proizvo\u0111a\u010da laserskih sustava.","breadcrumb":{"@id":"https:\/\/grossmann-lasertechnik.de\/impressum\/#breadcrumb"},"inLanguage":"hr","potentialAction":[{"@type":"ReadAction","target":["https:\/\/grossmann-lasertechnik.de\/impressum\/"]}]},{"@type":"BreadcrumbList","@id":"https:\/\/grossmann-lasertechnik.de\/impressum\/#breadcrumb","itemListElement":[{"@type":"ListItem","position":1,"name":"Home","item":"https:\/\/grossmann-lasertechnik.de\/"},{"@type":"ListItem","position":2,"name":"Impressum"}]},{"@type":"WebSite","@id":"https:\/\/grossmann-lasertechnik.de\/#website","url":"https:\/\/grossmann-lasertechnik.de\/","name":"Gro\u00dfmann laserska tehnologija","description":"Laser za ozna\u010davanje Proizveden u Njema\u010dkoj","publisher":{"@id":"https:\/\/grossmann-lasertechnik.de\/#organization"},"alternateName":"Lasersysteme made in Germany","potentialAction":[{"@type":"SearchAction","target":{"@type":"EntryPoint","urlTemplate":"https:\/\/grossmann-lasertechnik.de\/?s={search_term_string}"},"query-input":{"@type":"PropertyValueSpecification","valueRequired":true,"valueName":"search_term_string"}}],"inLanguage":"hr"},{"@type":"Organization","@id":"https:\/\/grossmann-lasertechnik.de\/#organization","name":"Grossmannova laserska tehnologija","url":"https:\/\/grossmann-lasertechnik.de\/","logo":{"@type":"ImageObject","inLanguage":"hr","@id":"https:\/\/grossmann-lasertechnik.de\/#\/schema\/logo\/image\/","url":"https:\/\/grossmann-lasertechnik.de\/wp-content\/uploads\/2022\/06\/Grossmann_Laser_Logo_2022_v2.png","contentUrl":"https:\/\/grossmann-lasertechnik.de\/wp-content\/uploads\/2022\/06\/Grossmann_Laser_Logo_2022_v2.png","width":600,"height":125,"caption":"Grossmann Lasertechnik"},"image":{"@id":"https:\/\/grossmann-lasertechnik.de\/#\/schema\/logo\/image\/"},"sameAs":["https:\/\/www.facebook.com\/grossmannlasertechnik","https:\/\/www.instagram.com\/grossmann_lasertechnik\/"]}]}},"_links":{"self":[{"href":"https:\/\/grossmann-lasertechnik.de\/hr\/wp-json\/wp\/v2\/pages\/33859","targetHints":{"allow":["GET"]}}],"collection":[{"href":"https:\/\/grossmann-lasertechnik.de\/hr\/wp-json\/wp\/v2\/pages"}],"about":[{"href":"https:\/\/grossmann-lasertechnik.de\/hr\/wp-json\/wp\/v2\/types\/page"}],"author":[{"embeddable":true,"href":"https:\/\/grossmann-lasertechnik.de\/hr\/wp-json\/wp\/v2\/users\/1"}],"replies":[{"embeddable":true,"href":"https:\/\/grossmann-lasertechnik.de\/hr\/wp-json\/wp\/v2\/comments?post=33859"}],"version-history":[{"count":0,"href":"https:\/\/grossmann-lasertechnik.de\/hr\/wp-json\/wp\/v2\/pages\/33859\/revisions"}],"wp:attachment":[{"href":"https:\/\/grossmann-lasertechnik.de\/hr\/wp-json\/wp\/v2\/media?parent=33859"}],"curies":[{"name":"radni list","href":"https:\/\/api.w.org\/{rel}","templated":true}]}}