{"id":33859,"date":"2026-03-28T15:23:06","date_gmt":"2026-03-28T15:23:06","guid":{"rendered":"https:\/\/grossmann-lasertechnik.de\/?page_id=33859"},"modified":"2026-03-28T16:23:06","modified_gmt":"2026-03-28T15:23:06","slug":"atspaudas","status":"publish","type":"page","link":"https:\/\/grossmann-lasertechnik.de\/lt\/atspaudas\/","title":{"rendered":"Atspaudas"},"content":{"rendered":"<div data-elementor-type=\"wp-page\" data-elementor-id=\"33859\" class=\"elementor elementor-33859\" data-elementor-post-type=\"page\">\n\t\t\t\t\t\t<section class=\"elementor-section elementor-top-section elementor-element elementor-element-1a2d3a1 elementor-section-boxed elementor-section-height-default elementor-section-height-default\" data-id=\"1a2d3a1\" data-element_type=\"section\" data-e-type=\"section\">\n\t\t\t\t\t\t<div class=\"elementor-container elementor-column-gap-default\">\n\t\t\t\t\t<div class=\"elementor-column elementor-col-100 elementor-top-column elementor-element elementor-element-4ac0780\" data-id=\"4ac0780\" data-element_type=\"column\" data-e-type=\"column\">\n\t\t\t<div class=\"elementor-widget-wrap elementor-element-populated\">\n\t\t\t\t\t\t<div class=\"elementor-element elementor-element-9f6302b elementor-widget elementor-widget-heading\" data-id=\"9f6302b\" data-element_type=\"widget\" data-e-type=\"widget\" data-widget_type=\"heading.default\">\n\t\t\t\t\t<h1 class=\"elementor-heading-title elementor-size-large\">\"Grossmann Lasertechnik\" (GLT) atspaudas<\/h1>\t\t\t\t<\/div>\n\t\t\t\t<div class=\"elementor-element elementor-element-01828a7 elementor-widget elementor-widget-text-editor\" data-id=\"01828a7\" data-element_type=\"widget\" data-e-type=\"widget\" data-widget_type=\"text-editor.default\">\n\t\t\t\t\t\t\t\t\t<p><div  class=\"agb_content agb_imprint  notranslate\"><div>Gro\u00dfmann Lasertechnik GmbH<br \/>\nAm Wiesenberg 8<br \/>\n59602 R\u00fcthen<br \/>\nVokietija<br \/>\n<br \/>\nTel.: 02952 67 99 74 5<br \/>\nEl. pa\u0161tas: info@grossmann-lasertechnik.de<br \/>\n<br \/>\nRegistracijos teismas: Warstein vietos teismas<br \/>\nRegistro numeris: HRB 12846<br \/>\n<br \/>\nGeneralinis direktorius: Sebastian Gro\u00dfmann<br \/>\n<br \/>\nPardavimo mokes\u010dio identifikacinis numeris: DE323895502<br \/>\n<br \/>\nWEEE reg. Nr. 56320179<br \/>\n<br \/>\nInformavimo prievol\u0117s pagal 18 straipsnio 4 dalies 3 sakin\u012f ElektroG:<br \/>\n<a target=\"_blank\" href=\"https:\/\/www.bmuv.de\/themen\/wasser-ressourcen-abfall\/kreislaufwirtschaft\/statistiken\/elektro-und-elektronikaltgeraete\">https:\/\/www.bmuv.de\/themen\/wasser-ressourcen-abfall\/kreislaufwirtschaft\/statistiken\/elektro-und-elektronikaltgeraete<\/a><br \/>\n<br \/>\nMes neprivalome ir nenorime dalyvauti gin\u010d\u0173 sprendimo proced\u016brose vartotoj\u0173 arbitra\u017ee.<\/div><div id=\"itkanzlei_txt_copyright\" style=\"font-size: 12px; margin-top: 8em;\"><div style=\"display: inline-block; vertical-align: top; margin-left: 5px; float: right; white-space: nowrap;\">B\u016bsena: 2026.03.28, 16:23:00<\/div><div style=\"clear: right;\"><\/div><\/div><\/div><\/p>\t\t\t\t\t\t\t\t<\/div>\n\t\t\t\t<div class=\"elementor-element elementor-element-7e55818 elementor-widget elementor-widget-text-editor\" data-id=\"7e55818\" data-element_type=\"widget\" data-e-type=\"widget\" data-widget_type=\"text-editor.default\">\n\t\t\t\t\t\t\t\t\t<p><strong>Atsakomyb\u0117 u\u017e turin\u012f<\/strong><br \/>B\u016bdami paslaug\u0173 teik\u0117jai, esame atsakingi u\u017e savo turin\u012f \u0161iuose puslapiuose pagal TMG (Vokietijos telemedijos \u012fstatymo) 7 straipsnio 1 dal\u012f ir bendruosius teis\u0117s aktus. Ta\u010diau pagal TMG 8-10 straipsnius mes, kaip paslaug\u0173 teik\u0117jas, neprivalome steb\u0117ti perduodamos ar saugomos tre\u010di\u0173j\u0173 \u0161ali\u0173 informacijos arba tirti aplinkybi\u0173, rodan\u010di\u0173 neteis\u0117t\u0105 veikl\u0105.<\/p><p>Tai neturi \u012ftakos prievol\u0117ms pa\u0161alinti arba blokuoti informacijos naudojim\u0105 pagal bendruosius teis\u0117s aktus. Ta\u010diau atsakomyb\u0117 \u0161iuo at\u017evilgiu galima tik nuo tada, kai su\u017einome apie konkret\u0173 pa\u017eeidim\u0105. Kai tik su\u017einosime apie tokius pa\u017eeidimus, nedelsdami pa\u0161alinsime \u0161\u012f turin\u012f.<\/p><p><strong>Atsakomyb\u0117 u\u017e nuorodas<\/strong><br \/>M\u016bs\u0173 svetain\u0117je yra nuorod\u0173 \u012f i\u0161orines tre\u010di\u0173j\u0173 \u0161ali\u0173 svetaines, kuri\u0173 turiniui neturime jokios \u012ftakos. Tod\u0117l mes negalime prisiimti jokios atsakomyb\u0117s u\u017e \u0161\u012f tre\u010di\u0173j\u0173 \u0161ali\u0173 turin\u012f. U\u017e puslapi\u0173, \u012f kuriuos pateikiamos nuorodos, turin\u012f visuomet atsako atitinkamas puslapi\u0173 teik\u0117jas arba valdytojas. Nuorod\u0173 pateikimo metu buvo patikrinta, ar nuorod\u0173 puslapiuose n\u0117ra galim\u0173 teisini\u0173 pa\u017eeidim\u0173. Neteis\u0117to turinio nuorod\u0173 pateikimo metu nebuvo galima atpa\u017einti.<\/p><p>Ta\u010diau nuolatinis susiet\u0173 puslapi\u0173 turinio steb\u0117jimas yra nepagr\u012fstas, jei n\u0117ra konkre\u010di\u0173 pa\u017eeidimo \u012frodym\u0173. Jei su\u017einosime apie teisinius pa\u017eeidimus, nedelsdami pa\u0161alinsime tokias nuorodas.<\/p><p><strong>Autorin\u0117s teis\u0117s<\/strong><br \/>\u0160iuose puslapiuose esan\u010diam svetain\u0117s operatori\u0173 sukurtam turiniui ir k\u016briniams taikomi Vokietijos autori\u0173 teisi\u0173 \u012fstatymai. Kopijavimui, apdorojimui, platinimui ir bet kokiam panaudojimui u\u017e autori\u0173 teisi\u0173 \u012fstatymo rib\u0173 reikalingas ra\u0161ti\u0161kas atitinkamo autoriaus ar k\u016br\u0117jo sutikimas. Atsisi\u0173sti ir kopijuoti \u0161i\u0105 svetain\u0119 leid\u017eiama tik asmeniniam, nekomerciniam naudojimui.<\/p><p>Jei \u0161ios svetain\u0117s turin\u012f suk\u016br\u0117 ne operatorius, tre\u010di\u0173j\u0173 \u0161ali\u0173 autori\u0173 teis\u0117s yra gerbiamos. Vis\u0173 pirma, tre\u010di\u0173j\u0173 \u0161ali\u0173 turinys yra pa\u017eym\u0117tas kaip toks. Jei vis d\u0117lto su\u017einotum\u0117te apie autori\u0173 teisi\u0173 pa\u017eeidim\u0105, prane\u0161kite mums apie tai. Su\u017einoj\u0119 apie pa\u017eeidimus, nedelsdami pa\u0161alinsime tok\u012f turin\u012f.<\/p><p><strong>Nuotrauk\u0173 kreditai<\/strong><br \/>#296563419 \/ \u00a9 tiero - stock.adobe.com<\/p>\t\t\t\t\t\t\t\t<\/div>\n\t\t\t\t\t<\/div>\n\t\t<\/div>\n\t\t\t\t\t<\/div>\n\t\t<\/section>\n\t\t\t\t<\/div>","protected":false},"excerpt":{"rendered":"<p>\"Grossmann Lasertechnik\" (GLT) atspaudas Atsakomyb\u0117 u\u017e turin\u012fVadovaudamiesi Vokietijos telemedijos \u012fstatymo (TMG) 7 straipsnio 1 dalimi ir bendraisiais \u012fstatymais, mes, kaip paslaug\u0173 teik\u0117jas, esame atsakingi u\u017e savo turin\u012f \u0161iuose puslapiuose. Ta\u010diau pagal TMG 8-10 straipsnius mes, kaip paslaug\u0173 teik\u0117jas, neprivalome steb\u0117ti perduodamos ar saugomos tre\u010diosios \u0161alies informacijos arba tirti aplinkybi\u0173, rodan\u010di\u0173, kad [...]<\/p>","protected":false},"author":1,"featured_media":0,"parent":0,"menu_order":111,"comment_status":"closed","ping_status":"closed","template":"elementor_theme","meta":{"site-sidebar-layout":"no-sidebar","site-content-layout":"page-builder","ast-site-content-layout":"default","site-content-style":"default","site-sidebar-style":"default","ast-global-header-display":"","ast-banner-title-visibility":"","ast-main-header-display":"","ast-hfb-above-header-display":"","ast-hfb-below-header-display":"","ast-hfb-mobile-header-display":"","site-post-title":"disabled","ast-breadcrumbs-content":"","ast-featured-img":"disabled","footer-sml-layout":"","theme-transparent-header-meta":"","adv-header-id-meta":"","stick-header-meta":"","header-above-stick-meta":"","header-main-stick-meta":"","header-below-stick-meta":"","astra-migrate-meta-layouts":"default","ast-page-background-enabled":"default","ast-page-background-meta":{"desktop":{"background-color":"var(--ast-global-color-4)","background-image":"","background-repeat":"repeat","background-position":"center center","background-size":"auto","background-attachment":"scroll","background-type":"","background-media":"","overlay-type":"","overlay-color":"","overlay-opacity":"","overlay-gradient":""},"tablet":{"background-color":"","background-image":"","background-repeat":"repeat","background-position":"center center","background-size":"auto","background-attachment":"scroll","background-type":"","background-media":"","overlay-type":"","overlay-color":"","overlay-opacity":"","overlay-gradient":""},"mobile":{"background-color":"","background-image":"","background-repeat":"repeat","background-position":"center center","background-size":"auto","background-attachment":"scroll","background-type":"","background-media":"","overlay-type":"","overlay-color":"","overlay-opacity":"","overlay-gradient":""}},"ast-content-background-meta":{"desktop":{"background-color":"var(--ast-global-color-5)","background-image":"","background-repeat":"repeat","background-position":"center center","background-size":"auto","background-attachment":"scroll","background-type":"","background-media":"","overlay-type":"","overlay-color":"","overlay-opacity":"","overlay-gradient":""},"tablet":{"background-color":"var(--ast-global-color-5)","background-image":"","background-repeat":"repeat","background-position":"center center","background-size":"auto","background-attachment":"scroll","background-type":"","background-media":"","overlay-type":"","overlay-color":"","overlay-opacity":"","overlay-gradient":""},"mobile":{"background-color":"var(--ast-global-color-5)","background-image":"","background-repeat":"repeat","background-position":"center center","background-size":"auto","background-attachment":"scroll","background-type":"","background-media":"","overlay-type":"","overlay-color":"","overlay-opacity":"","overlay-gradient":""}},"footnotes":""},"class_list":["post-33859","page","type-page","status-publish","hentry"],"yoast_head":"<!-- This site is optimized with the Yoast SEO Premium plugin v25.3 (Yoast SEO v26.5) - https:\/\/yoast.com\/wordpress\/plugins\/seo\/ -->\n<title>Grossmann Lasertechnik - Impressum<\/title>\n<meta name=\"description\" content=\"Impressum von Grossmann Lasertechnik mit Sitz in R\u00fcthen. Hersteller von Laserbeschriftern, Lasergravurmaschinen und Lasersystemhersteller.\" \/>\n<meta name=\"robots\" content=\"index, follow, max-snippet:-1, max-image-preview:large, max-video-preview:-1\" \/>\n<link rel=\"canonical\" href=\"https:\/\/grossmann-lasertechnik.de\/lt\/atspaudas\/\" \/>\n<meta property=\"og:locale\" content=\"lt_LT\" \/>\n<meta property=\"og:type\" content=\"article\" \/>\n<meta property=\"og:title\" content=\"Impressum\" \/>\n<meta property=\"og:description\" content=\"Impressum von Grossmann Lasertechnik mit Sitz in R\u00fcthen. Hersteller von Laserbeschriftern, Lasergravurmaschinen und Lasersystemhersteller.\" \/>\n<meta property=\"og:url\" content=\"https:\/\/grossmann-lasertechnik.de\/lt\/atspaudas\/\" \/>\n<meta property=\"og:site_name\" content=\"Gro\u00dfmann Lasertechnik\" \/>\n<meta property=\"article:publisher\" content=\"https:\/\/www.facebook.com\/grossmannlasertechnik\" \/>\n<meta name=\"twitter:label1\" content=\"Est. reading time\" \/>\n\t<meta name=\"twitter:data1\" content=\"2 minut\u0117s\" \/>\n<script type=\"application\/ld+json\" class=\"yoast-schema-graph\">{\"@context\":\"https:\/\/schema.org\",\"@graph\":[{\"@type\":\"WebPage\",\"@id\":\"https:\/\/grossmann-lasertechnik.de\/impressum\/\",\"url\":\"https:\/\/grossmann-lasertechnik.de\/impressum\/\",\"name\":\"Grossmann Lasertechnik - Impressum\",\"isPartOf\":{\"@id\":\"https:\/\/grossmann-lasertechnik.de\/#website\"},\"datePublished\":\"2026-03-28T15:23:06+00:00\",\"description\":\"Impressum von Grossmann Lasertechnik mit Sitz in R\u00fcthen. Hersteller von Laserbeschriftern, Lasergravurmaschinen und Lasersystemhersteller.\",\"breadcrumb\":{\"@id\":\"https:\/\/grossmann-lasertechnik.de\/impressum\/#breadcrumb\"},\"inLanguage\":\"lt-LT\",\"potentialAction\":[{\"@type\":\"ReadAction\",\"target\":[\"https:\/\/grossmann-lasertechnik.de\/impressum\/\"]}]},{\"@type\":\"BreadcrumbList\",\"@id\":\"https:\/\/grossmann-lasertechnik.de\/impressum\/#breadcrumb\",\"itemListElement\":[{\"@type\":\"ListItem\",\"position\":1,\"name\":\"Home\",\"item\":\"https:\/\/grossmann-lasertechnik.de\/\"},{\"@type\":\"ListItem\",\"position\":2,\"name\":\"Impressum\"}]},{\"@type\":\"WebSite\",\"@id\":\"https:\/\/grossmann-lasertechnik.de\/#website\",\"url\":\"https:\/\/grossmann-lasertechnik.de\/\",\"name\":\"Gro\u00dfmann Lasertechnik\",\"description\":\"Beschriftungslaser Made in Germany\",\"publisher\":{\"@id\":\"https:\/\/grossmann-lasertechnik.de\/#organization\"},\"alternateName\":\"Lasersysteme made in Germany\",\"potentialAction\":[{\"@type\":\"SearchAction\",\"target\":{\"@type\":\"EntryPoint\",\"urlTemplate\":\"https:\/\/grossmann-lasertechnik.de\/?s={search_term_string}\"},\"query-input\":{\"@type\":\"PropertyValueSpecification\",\"valueRequired\":true,\"valueName\":\"search_term_string\"}}],\"inLanguage\":\"lt-LT\"},{\"@type\":\"Organization\",\"@id\":\"https:\/\/grossmann-lasertechnik.de\/#organization\",\"name\":\"Grossmann Lasertechnik\",\"url\":\"https:\/\/grossmann-lasertechnik.de\/\",\"logo\":{\"@type\":\"ImageObject\",\"inLanguage\":\"lt-LT\",\"@id\":\"https:\/\/grossmann-lasertechnik.de\/#\/schema\/logo\/image\/\",\"url\":\"https:\/\/grossmann-lasertechnik.de\/wp-content\/uploads\/2022\/06\/Grossmann_Laser_Logo_2022_v2.png\",\"contentUrl\":\"https:\/\/grossmann-lasertechnik.de\/wp-content\/uploads\/2022\/06\/Grossmann_Laser_Logo_2022_v2.png\",\"width\":600,\"height\":125,\"caption\":\"Grossmann Lasertechnik\"},\"image\":{\"@id\":\"https:\/\/grossmann-lasertechnik.de\/#\/schema\/logo\/image\/\"},\"sameAs\":[\"https:\/\/www.facebook.com\/grossmannlasertechnik\",\"https:\/\/www.instagram.com\/grossmann_lasertechnik\/\"]}]}<\/script>\n<!-- \/ Yoast SEO Premium plugin. -->","yoast_head_json":{"title":"Grossmann Lasertechnik - Atspaudas","description":"R\u00fcthene \u012fsik\u016brusios \"Grossmann Lasertechnik\" spaustuv\u0117s atspaudas. Lazerini\u0173 \u017eymekli\u0173, lazerini\u0173 graviravimo ma\u0161in\u0173 ir lazerini\u0173 sistem\u0173 gamintojas.","robots":{"index":"index","follow":"follow","max-snippet":"max-snippet:-1","max-image-preview":"max-image-preview:large","max-video-preview":"max-video-preview:-1"},"canonical":"https:\/\/grossmann-lasertechnik.de\/lt\/atspaudas\/","og_locale":"lt_LT","og_type":"article","og_title":"Impressum","og_description":"Impressum von Grossmann Lasertechnik mit Sitz in R\u00fcthen. Hersteller von Laserbeschriftern, Lasergravurmaschinen und Lasersystemhersteller.","og_url":"https:\/\/grossmann-lasertechnik.de\/lt\/atspaudas\/","og_site_name":"Gro\u00dfmann Lasertechnik","article_publisher":"https:\/\/www.facebook.com\/grossmannlasertechnik","twitter_misc":{"Est. reading time":"2 minut\u0117s"},"schema":{"@context":"https:\/\/schema.org","@graph":[{"@type":"WebPage","@id":"https:\/\/grossmann-lasertechnik.de\/impressum\/","url":"https:\/\/grossmann-lasertechnik.de\/impressum\/","name":"Grossmann Lasertechnik - Atspaudas","isPartOf":{"@id":"https:\/\/grossmann-lasertechnik.de\/#website"},"datePublished":"2026-03-28T15:23:06+00:00","description":"R\u00fcthene \u012fsik\u016brusios \"Grossmann Lasertechnik\" spaustuv\u0117s atspaudas. Lazerini\u0173 \u017eymekli\u0173, lazerini\u0173 graviravimo ma\u0161in\u0173 ir lazerini\u0173 sistem\u0173 gamintojas.","breadcrumb":{"@id":"https:\/\/grossmann-lasertechnik.de\/impressum\/#breadcrumb"},"inLanguage":"lt-LT","potentialAction":[{"@type":"ReadAction","target":["https:\/\/grossmann-lasertechnik.de\/impressum\/"]}]},{"@type":"BreadcrumbList","@id":"https:\/\/grossmann-lasertechnik.de\/impressum\/#breadcrumb","itemListElement":[{"@type":"ListItem","position":1,"name":"Home","item":"https:\/\/grossmann-lasertechnik.de\/"},{"@type":"ListItem","position":2,"name":"Impressum"}]},{"@type":"WebSite","@id":"https:\/\/grossmann-lasertechnik.de\/#website","url":"https:\/\/grossmann-lasertechnik.de\/","name":"\"Gro\u00dfmann\" lazerin\u0117 technologija","description":"Vokietijoje pagaminti \u017eenklinimo lazeriai","publisher":{"@id":"https:\/\/grossmann-lasertechnik.de\/#organization"},"alternateName":"Lasersysteme made in Germany","potentialAction":[{"@type":"SearchAction","target":{"@type":"EntryPoint","urlTemplate":"https:\/\/grossmann-lasertechnik.de\/?s={search_term_string}"},"query-input":{"@type":"PropertyValueSpecification","valueRequired":true,"valueName":"search_term_string"}}],"inLanguage":"lt-LT"},{"@type":"Organization","@id":"https:\/\/grossmann-lasertechnik.de\/#organization","name":"\"Grossmann\" lazerin\u0117 technologija","url":"https:\/\/grossmann-lasertechnik.de\/","logo":{"@type":"ImageObject","inLanguage":"lt-LT","@id":"https:\/\/grossmann-lasertechnik.de\/#\/schema\/logo\/image\/","url":"https:\/\/grossmann-lasertechnik.de\/wp-content\/uploads\/2022\/06\/Grossmann_Laser_Logo_2022_v2.png","contentUrl":"https:\/\/grossmann-lasertechnik.de\/wp-content\/uploads\/2022\/06\/Grossmann_Laser_Logo_2022_v2.png","width":600,"height":125,"caption":"Grossmann Lasertechnik"},"image":{"@id":"https:\/\/grossmann-lasertechnik.de\/#\/schema\/logo\/image\/"},"sameAs":["https:\/\/www.facebook.com\/grossmannlasertechnik","https:\/\/www.instagram.com\/grossmann_lasertechnik\/"]}]}},"_links":{"self":[{"href":"https:\/\/grossmann-lasertechnik.de\/lt\/wp-json\/wp\/v2\/pages\/33859","targetHints":{"allow":["GET"]}}],"collection":[{"href":"https:\/\/grossmann-lasertechnik.de\/lt\/wp-json\/wp\/v2\/pages"}],"about":[{"href":"https:\/\/grossmann-lasertechnik.de\/lt\/wp-json\/wp\/v2\/types\/page"}],"author":[{"embeddable":true,"href":"https:\/\/grossmann-lasertechnik.de\/lt\/wp-json\/wp\/v2\/users\/1"}],"replies":[{"embeddable":true,"href":"https:\/\/grossmann-lasertechnik.de\/lt\/wp-json\/wp\/v2\/comments?post=33859"}],"version-history":[{"count":0,"href":"https:\/\/grossmann-lasertechnik.de\/lt\/wp-json\/wp\/v2\/pages\/33859\/revisions"}],"wp:attachment":[{"href":"https:\/\/grossmann-lasertechnik.de\/lt\/wp-json\/wp\/v2\/media?parent=33859"}],"curies":[{"name":"wp","href":"https:\/\/api.w.org\/{rel}","templated":true}]}}