{"id":38741,"date":"2023-06-03T10:21:59","date_gmt":"2023-06-03T08:21:59","guid":{"rendered":"https:\/\/grossmann-lasertechnik.de\/?page_id=38741"},"modified":"2023-09-05T08:02:06","modified_gmt":"2023-09-05T06:02:06","slug":"filmy-laserowe","status":"publish","type":"page","link":"https:\/\/grossmann-lasertechnik.de\/pl\/filmy-laserowe\/","title":{"rendered":"Filmy"},"content":{"rendered":"<div data-elementor-type=\"wp-page\" data-elementor-id=\"38741\" class=\"elementor elementor-38741\" data-elementor-post-type=\"page\">\n\t\t\t\t\t\t<section class=\"elementor-section elementor-top-section elementor-element elementor-element-701b6d8 elementor-section-boxed elementor-section-height-default elementor-section-height-default\" data-id=\"701b6d8\" data-element_type=\"section\" data-e-type=\"section\">\n\t\t\t\t\t\t<div class=\"elementor-container elementor-column-gap-default\">\n\t\t\t\t\t<div class=\"elementor-column elementor-col-100 elementor-top-column elementor-element elementor-element-4edf18e\" data-id=\"4edf18e\" data-element_type=\"column\" data-e-type=\"column\">\n\t\t\t<div class=\"elementor-widget-wrap elementor-element-populated\">\n\t\t\t\t\t\t<div class=\"elementor-element elementor-element-b715b38 elementor-widget elementor-widget-heading\" data-id=\"b715b38\" data-element_type=\"widget\" data-e-type=\"widget\" data-widget_type=\"heading.default\">\n\t\t\t\t\t<h1 class=\"elementor-heading-title elementor-size-default\">Przyk\u0142ady zastosowa\u0144 w formie wideo<\/h1>\t\t\t\t<\/div>\n\t\t\t\t<div class=\"elementor-element elementor-element-fffee06 elementor-widget elementor-widget-text-editor\" data-id=\"fffee06\" data-element_type=\"widget\" data-e-type=\"widget\" data-widget_type=\"text-editor.default\">\n\t\t\t\t\t\t\t\t\t<div><strong>Wskaz\u00f3wka<\/strong>Ta strona jest obecnie w budowie.<\/div><div>In der folgenden Videogalerie verarbeiten wir\u00a0 verschiedene Materialien mit unseren Lasersystemen.<br \/>Grawerujemy, znakujemy, etykietujemy i personalizujemy za pomoc\u0105 naszych laser\u00f3w \u015bwiat\u0142owodowych \/ laser\u00f3w UV lub system\u00f3w laserowych CO2.<\/div><div>\u00a0<\/div><div>Sind Sie sich unsicher ob Ihr Werkst\u00fcck, Schmuckst\u00fcck oder Werkzeug mittels Lasergravur beschriftbar ist?<br \/><strong><br \/>Porozmawiaj z nami!<\/strong> <br \/>Wir f\u00fchren gerne den passenden Applikationstest f\u00fcr Sie durch, nat\u00fcrlich mit Video.<\/div>\t\t\t\t\t\t\t\t<\/div>\n\t\t\t\t\t<\/div>\n\t\t<\/div>\n\t\t\t\t\t<\/div>\n\t\t<\/section>\n\t\t\t\t<section class=\"elementor-section elementor-top-section elementor-element elementor-element-7282089 elementor-section-boxed elementor-section-height-default elementor-section-height-default\" data-id=\"7282089\" data-element_type=\"section\" data-e-type=\"section\">\n\t\t\t\t\t\t<div class=\"elementor-container elementor-column-gap-default\">\n\t\t\t\t\t<div class=\"elementor-column elementor-col-50 elementor-top-column elementor-element elementor-element-d8be302\" data-id=\"d8be302\" data-element_type=\"column\" data-e-type=\"column\">\n\t\t\t<div class=\"elementor-widget-wrap elementor-element-populated\">\n\t\t\t\t\t\t<div class=\"elementor-element elementor-element-82d4c83 elementor-widget elementor-widget-video\" data-id=\"82d4c83\" data-element_type=\"widget\" data-e-type=\"widget\" data-settings=\"{&quot;youtube_url&quot;:&quot;https:\\\/\\\/www.youtube.com\\\/watch?v=jbV54fVKrcQ&quot;,&quot;video_type&quot;:&quot;youtube&quot;,&quot;controls&quot;:&quot;yes&quot;}\" data-widget_type=\"video.default\">\n\t\t\t\t\t\t\t<div class=\"elementor-wrapper elementor-open-inline\">\n\t\t\t<div class=\"elementor-video\"><\/div>\t\t<\/div>\n\t\t\t\t\t\t<\/div>\n\t\t\t\t\t<\/div>\n\t\t<\/div>\n\t\t\t\t<div class=\"elementor-column elementor-col-50 elementor-top-column elementor-element elementor-element-34b8c35\" data-id=\"34b8c35\" data-element_type=\"column\" data-e-type=\"column\">\n\t\t\t<div class=\"elementor-widget-wrap elementor-element-populated\">\n\t\t\t\t\t\t<div class=\"elementor-element elementor-element-f9f7512 elementor-widget elementor-widget-video\" data-id=\"f9f7512\" data-element_type=\"widget\" data-e-type=\"widget\" data-settings=\"{&quot;youtube_url&quot;:&quot;https:\\\/\\\/www.youtube.com\\\/watch?v=p8a70UY0PMU&quot;,&quot;video_type&quot;:&quot;youtube&quot;,&quot;controls&quot;:&quot;yes&quot;}\" data-widget_type=\"video.default\">\n\t\t\t\t\t\t\t<div class=\"elementor-wrapper elementor-open-inline\">\n\t\t\t<div class=\"elementor-video\"><\/div>\t\t<\/div>\n\t\t\t\t\t\t<\/div>\n\t\t\t\t\t<\/div>\n\t\t<\/div>\n\t\t\t\t\t<\/div>\n\t\t<\/section>\n\t\t\t\t<section class=\"elementor-section elementor-top-section elementor-element elementor-element-4185061 elementor-section-boxed elementor-section-height-default elementor-section-height-default\" data-id=\"4185061\" data-element_type=\"section\" data-e-type=\"section\">\n\t\t\t\t\t\t<div class=\"elementor-container elementor-column-gap-default\">\n\t\t\t\t\t<div class=\"elementor-column elementor-col-50 elementor-top-column elementor-element elementor-element-029db9b\" data-id=\"029db9b\" data-element_type=\"column\" data-e-type=\"column\">\n\t\t\t<div class=\"elementor-widget-wrap elementor-element-populated\">\n\t\t\t\t\t\t<div class=\"elementor-element elementor-element-bafdff2 elementor-widget elementor-widget-video\" data-id=\"bafdff2\" data-element_type=\"widget\" data-e-type=\"widget\" data-settings=\"{&quot;youtube_url&quot;:&quot;https:\\\/\\\/www.youtube.com\\\/watch?v=EwIu6CwVcEg&quot;,&quot;video_type&quot;:&quot;youtube&quot;,&quot;controls&quot;:&quot;yes&quot;}\" data-widget_type=\"video.default\">\n\t\t\t\t\t\t\t<div class=\"elementor-wrapper elementor-open-inline\">\n\t\t\t<div class=\"elementor-video\"><\/div>\t\t<\/div>\n\t\t\t\t\t\t<\/div>\n\t\t\t\t\t<\/div>\n\t\t<\/div>\n\t\t\t\t<div class=\"elementor-column elementor-col-50 elementor-top-column elementor-element elementor-element-541a0e8\" data-id=\"541a0e8\" data-element_type=\"column\" data-e-type=\"column\">\n\t\t\t<div class=\"elementor-widget-wrap elementor-element-populated\">\n\t\t\t\t\t\t<div class=\"elementor-element elementor-element-405dbb9 elementor-widget elementor-widget-video\" data-id=\"405dbb9\" data-element_type=\"widget\" data-e-type=\"widget\" data-settings=\"{&quot;youtube_url&quot;:&quot;https:\\\/\\\/www.youtube.com\\\/watch?v=Wut5qLrUDoo&quot;,&quot;video_type&quot;:&quot;youtube&quot;,&quot;controls&quot;:&quot;yes&quot;}\" data-widget_type=\"video.default\">\n\t\t\t\t\t\t\t<div class=\"elementor-wrapper elementor-open-inline\">\n\t\t\t<div class=\"elementor-video\"><\/div>\t\t<\/div>\n\t\t\t\t\t\t<\/div>\n\t\t\t\t\t<\/div>\n\t\t<\/div>\n\t\t\t\t\t<\/div>\n\t\t<\/section>\n\t\t\t\t<section class=\"elementor-section elementor-top-section elementor-element elementor-element-288dad9 elementor-section-boxed elementor-section-height-default elementor-section-height-default\" data-id=\"288dad9\" data-element_type=\"section\" data-e-type=\"section\">\n\t\t\t\t\t\t<div class=\"elementor-container elementor-column-gap-default\">\n\t\t\t\t\t<div class=\"elementor-column elementor-col-50 elementor-top-column elementor-element elementor-element-37e553e\" data-id=\"37e553e\" data-element_type=\"column\" data-e-type=\"column\">\n\t\t\t<div class=\"elementor-widget-wrap elementor-element-populated\">\n\t\t\t\t\t\t<div class=\"elementor-element elementor-element-d6517ea elementor-widget elementor-widget-video\" data-id=\"d6517ea\" data-element_type=\"widget\" data-e-type=\"widget\" data-settings=\"{&quot;youtube_url&quot;:&quot;https:\\\/\\\/youtu.be\\\/zhX9IFTpu60&quot;,&quot;video_type&quot;:&quot;youtube&quot;,&quot;controls&quot;:&quot;yes&quot;}\" data-widget_type=\"video.default\">\n\t\t\t\t\t\t\t<div class=\"elementor-wrapper elementor-open-inline\">\n\t\t\t<div class=\"elementor-video\"><\/div>\t\t<\/div>\n\t\t\t\t\t\t<\/div>\n\t\t\t\t\t<\/div>\n\t\t<\/div>\n\t\t\t\t<div class=\"elementor-column elementor-col-50 elementor-top-column elementor-element elementor-element-908bea0\" data-id=\"908bea0\" data-element_type=\"column\" data-e-type=\"column\">\n\t\t\t<div class=\"elementor-widget-wrap elementor-element-populated\">\n\t\t\t\t\t\t<div class=\"elementor-element elementor-element-a3ff68a elementor-widget elementor-widget-video\" data-id=\"a3ff68a\" data-element_type=\"widget\" data-e-type=\"widget\" data-settings=\"{&quot;youtube_url&quot;:&quot;https:\\\/\\\/youtu.be\\\/E0KdF5xn6TM&quot;,&quot;video_type&quot;:&quot;youtube&quot;,&quot;controls&quot;:&quot;yes&quot;}\" data-widget_type=\"video.default\">\n\t\t\t\t\t\t\t<div class=\"elementor-wrapper elementor-open-inline\">\n\t\t\t<div class=\"elementor-video\"><\/div>\t\t<\/div>\n\t\t\t\t\t\t<\/div>\n\t\t\t\t\t<\/div>\n\t\t<\/div>\n\t\t\t\t\t<\/div>\n\t\t<\/section>\n\t\t\t\t<\/div>","protected":false},"excerpt":{"rendered":"<p>Applikationsbeispiele als Video Hinweis: Diese Seite befindet sich derzeit im Aufbau.In der folgenden Videogalerie verarbeiten wir\u00a0 verschiedene Materialien mit unseren Lasersystemen.Wir gravieren, markieren, beschriften und personalisieren mit Faserlasern \/ UV Lasern oder CO2 Lasersystemen unserer Marke.\u00a0Sind Sie sich unsicher ob Ihr Werkst\u00fcck, Schmuckst\u00fcck oder Werkzeug mittels Lasergravur beschriftbar ist?Sprechen Sie uns an! Wir f\u00fchren gerne [&hellip;]<\/p>","protected":false},"author":2,"featured_media":38062,"parent":0,"menu_order":21,"comment_status":"closed","ping_status":"closed","template":"elementor_theme","meta":{"site-sidebar-layout":"no-sidebar","site-content-layout":"page-builder","ast-site-content-layout":"full-width-container","site-content-style":"unboxed","site-sidebar-style":"unboxed","ast-global-header-display":"","ast-banner-title-visibility":"","ast-main-header-display":"","ast-hfb-above-header-display":"","ast-hfb-below-header-display":"","ast-hfb-mobile-header-display":"","site-post-title":"disabled","ast-breadcrumbs-content":"","ast-featured-img":"disabled","footer-sml-layout":"","theme-transparent-header-meta":"","adv-header-id-meta":"","stick-header-meta":"","header-above-stick-meta":"","header-main-stick-meta":"","header-below-stick-meta":"","astra-migrate-meta-layouts":"set","ast-page-background-enabled":"default","ast-page-background-meta":{"desktop":{"background-color":"var(--ast-global-color-4)","background-image":"","background-repeat":"repeat","background-position":"center center","background-size":"auto","background-attachment":"scroll","background-type":"","background-media":"","overlay-type":"","overlay-color":"","overlay-opacity":"","overlay-gradient":""},"tablet":{"background-color":"","background-image":"","background-repeat":"repeat","background-position":"center center","background-size":"auto","background-attachment":"scroll","background-type":"","background-media":"","overlay-type":"","overlay-color":"","overlay-opacity":"","overlay-gradient":""},"mobile":{"background-color":"","background-image":"","background-repeat":"repeat","background-position":"center center","background-size":"auto","background-attachment":"scroll","background-type":"","background-media":"","overlay-type":"","overlay-color":"","overlay-opacity":"","overlay-gradient":""}},"ast-content-background-meta":{"desktop":{"background-color":"var(--ast-global-color-5)","background-image":"","background-repeat":"repeat","background-position":"center center","background-size":"auto","background-attachment":"scroll","background-type":"","background-media":"","overlay-type":"","overlay-color":"","overlay-opacity":"","overlay-gradient":""},"tablet":{"background-color":"var(--ast-global-color-5)","background-image":"","background-repeat":"repeat","background-position":"center center","background-size":"auto","background-attachment":"scroll","background-type":"","background-media":"","overlay-type":"","overlay-color":"","overlay-opacity":"","overlay-gradient":""},"mobile":{"background-color":"var(--ast-global-color-5)","background-image":"","background-repeat":"repeat","background-position":"center center","background-size":"auto","background-attachment":"scroll","background-type":"","background-media":"","overlay-type":"","overlay-color":"","overlay-opacity":"","overlay-gradient":""}},"footnotes":""},"class_list":["post-38741","page","type-page","status-publish","has-post-thumbnail","hentry"],"yoast_head":"<!-- This site is optimized with the Yoast SEO Premium plugin v25.3 (Yoast SEO v26.5) - https:\/\/yoast.com\/wordpress\/plugins\/seo\/ -->\n<title>Videos zu GLT Faserlaser und UV Laser<\/title>\n<meta name=\"description\" content=\"Wir gravieren, markieren und kennzeichnen verschiedenste Materialien mit unseren modernen Faserlaser &amp; UV Laser.\" \/>\n<meta name=\"robots\" content=\"index, follow, max-snippet:-1, max-image-preview:large, max-video-preview:-1\" \/>\n<link rel=\"canonical\" href=\"https:\/\/grossmann-lasertechnik.de\/pl\/filmy-laserowe\/\" \/>\n<meta property=\"og:locale\" content=\"pl_PL\" \/>\n<meta property=\"og:type\" content=\"article\" \/>\n<meta property=\"og:title\" content=\"Faserlaser &amp; UV Laser Videos - markieren und gravieren\" \/>\n<meta property=\"og:description\" content=\"Wir gravieren, markieren und kennzeichnen verschiedenste Materialien mit unseren modernen Faserlaser &amp; UV Laser.\" \/>\n<meta property=\"og:url\" content=\"https:\/\/grossmann-lasertechnik.de\/pl\/filmy-laserowe\/\" \/>\n<meta property=\"og:site_name\" content=\"Gro\u00dfmann Lasertechnik\" \/>\n<meta property=\"article:publisher\" content=\"https:\/\/www.facebook.com\/grossmannlasertechnik\" \/>\n<meta property=\"article:modified_time\" content=\"2023-09-05T06:02:06+00:00\" \/>\n<meta property=\"og:image\" content=\"https:\/\/grossmann-lasertechnik.de\/wp-content\/uploads\/2022\/09\/grossmann-lasertechnik-beschriftungslaser-gravis-01.webp\" \/>\n\t<meta property=\"og:image:width\" content=\"900\" \/>\n\t<meta property=\"og:image:height\" content=\"1200\" \/>\n\t<meta property=\"og:image:type\" content=\"image\/webp\" \/>\n<meta name=\"twitter:label1\" content=\"Szacowany czas czytania\" \/>\n\t<meta name=\"twitter:data1\" content=\"1 minuta\" \/>\n<script type=\"application\/ld+json\" class=\"yoast-schema-graph\">{\"@context\":\"https:\/\/schema.org\",\"@graph\":[{\"@type\":\"WebPage\",\"@id\":\"https:\/\/grossmann-lasertechnik.de\/laser-videos\/\",\"url\":\"https:\/\/grossmann-lasertechnik.de\/laser-videos\/\",\"name\":\"Videos zu GLT Faserlaser und UV Laser\",\"isPartOf\":{\"@id\":\"https:\/\/grossmann-lasertechnik.de\/#website\"},\"primaryImageOfPage\":{\"@id\":\"https:\/\/grossmann-lasertechnik.de\/laser-videos\/#primaryimage\"},\"image\":{\"@id\":\"https:\/\/grossmann-lasertechnik.de\/laser-videos\/#primaryimage\"},\"thumbnailUrl\":\"https:\/\/grossmann-lasertechnik.de\/wp-content\/uploads\/2022\/09\/grossmann-lasertechnik-beschriftungslaser-gravis-01.webp\",\"datePublished\":\"2023-06-03T08:21:59+00:00\",\"dateModified\":\"2023-09-05T06:02:06+00:00\",\"description\":\"Wir gravieren, markieren und kennzeichnen verschiedenste Materialien mit unseren modernen Faserlaser & UV Laser.\",\"breadcrumb\":{\"@id\":\"https:\/\/grossmann-lasertechnik.de\/laser-videos\/#breadcrumb\"},\"inLanguage\":\"pl-PL\",\"potentialAction\":[{\"@type\":\"ReadAction\",\"target\":[\"https:\/\/grossmann-lasertechnik.de\/laser-videos\/\"]}]},{\"@type\":\"ImageObject\",\"inLanguage\":\"pl-PL\",\"@id\":\"https:\/\/grossmann-lasertechnik.de\/laser-videos\/#primaryimage\",\"url\":\"https:\/\/grossmann-lasertechnik.de\/wp-content\/uploads\/2022\/09\/grossmann-lasertechnik-beschriftungslaser-gravis-01.webp\",\"contentUrl\":\"https:\/\/grossmann-lasertechnik.de\/wp-content\/uploads\/2022\/09\/grossmann-lasertechnik-beschriftungslaser-gravis-01.webp\",\"width\":900,\"height\":1200,\"caption\":\"Gravis Laserbeschrifter \/ Beschriftungslaser als Faserlaser oder UV Laser kaufen\"},{\"@type\":\"BreadcrumbList\",\"@id\":\"https:\/\/grossmann-lasertechnik.de\/laser-videos\/#breadcrumb\",\"itemListElement\":[{\"@type\":\"ListItem\",\"position\":1,\"name\":\"Home\",\"item\":\"https:\/\/grossmann-lasertechnik.de\/\"},{\"@type\":\"ListItem\",\"position\":2,\"name\":\"Videos\"}]},{\"@type\":\"WebSite\",\"@id\":\"https:\/\/grossmann-lasertechnik.de\/#website\",\"url\":\"https:\/\/grossmann-lasertechnik.de\/\",\"name\":\"Gro\u00dfmann Lasertechnik\",\"description\":\"Beschriftungslaser Made in Germany\",\"publisher\":{\"@id\":\"https:\/\/grossmann-lasertechnik.de\/#organization\"},\"alternateName\":\"Lasersysteme made in Germany\",\"potentialAction\":[{\"@type\":\"SearchAction\",\"target\":{\"@type\":\"EntryPoint\",\"urlTemplate\":\"https:\/\/grossmann-lasertechnik.de\/?s={search_term_string}\"},\"query-input\":{\"@type\":\"PropertyValueSpecification\",\"valueRequired\":true,\"valueName\":\"search_term_string\"}}],\"inLanguage\":\"pl-PL\"},{\"@type\":\"Organization\",\"@id\":\"https:\/\/grossmann-lasertechnik.de\/#organization\",\"name\":\"Grossmann Lasertechnik\",\"url\":\"https:\/\/grossmann-lasertechnik.de\/\",\"logo\":{\"@type\":\"ImageObject\",\"inLanguage\":\"pl-PL\",\"@id\":\"https:\/\/grossmann-lasertechnik.de\/#\/schema\/logo\/image\/\",\"url\":\"https:\/\/grossmann-lasertechnik.de\/wp-content\/uploads\/2022\/06\/Grossmann_Laser_Logo_2022_v2.png\",\"contentUrl\":\"https:\/\/grossmann-lasertechnik.de\/wp-content\/uploads\/2022\/06\/Grossmann_Laser_Logo_2022_v2.png\",\"width\":600,\"height\":125,\"caption\":\"Grossmann Lasertechnik\"},\"image\":{\"@id\":\"https:\/\/grossmann-lasertechnik.de\/#\/schema\/logo\/image\/\"},\"sameAs\":[\"https:\/\/www.facebook.com\/grossmannlasertechnik\",\"https:\/\/www.instagram.com\/grossmann_lasertechnik\/\"]}]}<\/script>\n<!-- \/ Yoast SEO Premium plugin. -->","yoast_head_json":{"title":"Filmy na temat laser\u00f3w \u015bwiat\u0142owodowych GLT i laser\u00f3w UV","description":"Grawerujemy, znakujemy i etykietujemy szerok\u0105 gam\u0119 materia\u0142\u00f3w za pomoc\u0105 naszych nowoczesnych laser\u00f3w \u015bwiat\u0142owodowych i laser\u00f3w UV.","robots":{"index":"index","follow":"follow","max-snippet":"max-snippet:-1","max-image-preview":"max-image-preview:large","max-video-preview":"max-video-preview:-1"},"canonical":"https:\/\/grossmann-lasertechnik.de\/pl\/filmy-laserowe\/","og_locale":"pl_PL","og_type":"article","og_title":"Faserlaser & UV Laser Videos - markieren und gravieren","og_description":"Wir gravieren, markieren und kennzeichnen verschiedenste Materialien mit unseren modernen Faserlaser & UV Laser.","og_url":"https:\/\/grossmann-lasertechnik.de\/pl\/filmy-laserowe\/","og_site_name":"Gro\u00dfmann Lasertechnik","article_publisher":"https:\/\/www.facebook.com\/grossmannlasertechnik","article_modified_time":"2023-09-05T06:02:06+00:00","og_image":[{"width":900,"height":1200,"url":"https:\/\/grossmann-lasertechnik.de\/wp-content\/uploads\/2022\/09\/grossmann-lasertechnik-beschriftungslaser-gravis-01.webp","type":"image\/webp"}],"twitter_misc":{"Szacowany czas czytania":"1 minuta"},"schema":{"@context":"https:\/\/schema.org","@graph":[{"@type":"WebPage","@id":"https:\/\/grossmann-lasertechnik.de\/laser-videos\/","url":"https:\/\/grossmann-lasertechnik.de\/laser-videos\/","name":"Filmy na temat laser\u00f3w \u015bwiat\u0142owodowych GLT i laser\u00f3w UV","isPartOf":{"@id":"https:\/\/grossmann-lasertechnik.de\/#website"},"primaryImageOfPage":{"@id":"https:\/\/grossmann-lasertechnik.de\/laser-videos\/#primaryimage"},"image":{"@id":"https:\/\/grossmann-lasertechnik.de\/laser-videos\/#primaryimage"},"thumbnailUrl":"https:\/\/grossmann-lasertechnik.de\/wp-content\/uploads\/2022\/09\/grossmann-lasertechnik-beschriftungslaser-gravis-01.webp","datePublished":"2023-06-03T08:21:59+00:00","dateModified":"2023-09-05T06:02:06+00:00","description":"Grawerujemy, znakujemy i etykietujemy szerok\u0105 gam\u0119 materia\u0142\u00f3w za pomoc\u0105 naszych nowoczesnych laser\u00f3w \u015bwiat\u0142owodowych i laser\u00f3w UV.","breadcrumb":{"@id":"https:\/\/grossmann-lasertechnik.de\/laser-videos\/#breadcrumb"},"inLanguage":"pl-PL","potentialAction":[{"@type":"ReadAction","target":["https:\/\/grossmann-lasertechnik.de\/laser-videos\/"]}]},{"@type":"ImageObject","inLanguage":"pl-PL","@id":"https:\/\/grossmann-lasertechnik.de\/laser-videos\/#primaryimage","url":"https:\/\/grossmann-lasertechnik.de\/wp-content\/uploads\/2022\/09\/grossmann-lasertechnik-beschriftungslaser-gravis-01.webp","contentUrl":"https:\/\/grossmann-lasertechnik.de\/wp-content\/uploads\/2022\/09\/grossmann-lasertechnik-beschriftungslaser-gravis-01.webp","width":900,"height":1200,"caption":"Gravis Laserbeschrifter \/ Beschriftungslaser als Faserlaser oder UV Laser kaufen"},{"@type":"BreadcrumbList","@id":"https:\/\/grossmann-lasertechnik.de\/laser-videos\/#breadcrumb","itemListElement":[{"@type":"ListItem","position":1,"name":"Home","item":"https:\/\/grossmann-lasertechnik.de\/"},{"@type":"ListItem","position":2,"name":"Videos"}]},{"@type":"WebSite","@id":"https:\/\/grossmann-lasertechnik.de\/#website","url":"https:\/\/grossmann-lasertechnik.de\/","name":"Technologia laserowa Gro\u00dfmann","description":"Lasery etykietuj\u0105ce wyprodukowane w Niemczech","publisher":{"@id":"https:\/\/grossmann-lasertechnik.de\/#organization"},"alternateName":"Lasersysteme made in Germany","potentialAction":[{"@type":"SearchAction","target":{"@type":"EntryPoint","urlTemplate":"https:\/\/grossmann-lasertechnik.de\/?s={search_term_string}"},"query-input":{"@type":"PropertyValueSpecification","valueRequired":true,"valueName":"search_term_string"}}],"inLanguage":"pl-PL"},{"@type":"Organization","@id":"https:\/\/grossmann-lasertechnik.de\/#organization","name":"Technologia laserowa Grossmann","url":"https:\/\/grossmann-lasertechnik.de\/","logo":{"@type":"ImageObject","inLanguage":"pl-PL","@id":"https:\/\/grossmann-lasertechnik.de\/#\/schema\/logo\/image\/","url":"https:\/\/grossmann-lasertechnik.de\/wp-content\/uploads\/2022\/06\/Grossmann_Laser_Logo_2022_v2.png","contentUrl":"https:\/\/grossmann-lasertechnik.de\/wp-content\/uploads\/2022\/06\/Grossmann_Laser_Logo_2022_v2.png","width":600,"height":125,"caption":"Grossmann Lasertechnik"},"image":{"@id":"https:\/\/grossmann-lasertechnik.de\/#\/schema\/logo\/image\/"},"sameAs":["https:\/\/www.facebook.com\/grossmannlasertechnik","https:\/\/www.instagram.com\/grossmann_lasertechnik\/"]}]}},"_links":{"self":[{"href":"https:\/\/grossmann-lasertechnik.de\/pl\/wp-json\/wp\/v2\/pages\/38741","targetHints":{"allow":["GET"]}}],"collection":[{"href":"https:\/\/grossmann-lasertechnik.de\/pl\/wp-json\/wp\/v2\/pages"}],"about":[{"href":"https:\/\/grossmann-lasertechnik.de\/pl\/wp-json\/wp\/v2\/types\/page"}],"author":[{"embeddable":true,"href":"https:\/\/grossmann-lasertechnik.de\/pl\/wp-json\/wp\/v2\/users\/2"}],"replies":[{"embeddable":true,"href":"https:\/\/grossmann-lasertechnik.de\/pl\/wp-json\/wp\/v2\/comments?post=38741"}],"version-history":[{"count":0,"href":"https:\/\/grossmann-lasertechnik.de\/pl\/wp-json\/wp\/v2\/pages\/38741\/revisions"}],"wp:featuredmedia":[{"embeddable":true,"href":"https:\/\/grossmann-lasertechnik.de\/pl\/wp-json\/wp\/v2\/media\/38062"}],"wp:attachment":[{"href":"https:\/\/grossmann-lasertechnik.de\/pl\/wp-json\/wp\/v2\/media?parent=38741"}],"curies":[{"name":"wp","href":"https:\/\/api.w.org\/{rel}","templated":true}]}}